{"id":154,"date":"2020-04-15T13:03:31","date_gmt":"2020-04-15T13:03:31","guid":{"rendered":"https:\/\/razvan-en.supserv.cozmoslabs.com\/?page_id=154"},"modified":"2020-04-15T13:03:31","modified_gmt":"2020-04-15T13:03:31","slug":"wck","status":"publish","type":"page","link":"https:\/\/razvan-en.supserv.cozmoslabs.com\/es\/wck\/","title":{"rendered":"WCK"},"content":{"rendered":"<h3>Bienvenido a la documentaci\u00f3n del Kit de Creaci\u00f3n de WordPress<\/h3> La documentaci\u00f3n de WordPress Creation Kit (WCK) est\u00e1 en constante evoluci\u00f3n, ya que seguimos actualizando el plugin. La \u00faltima versi\u00f3n de la documentaci\u00f3n est\u00e1 disponible a trav\u00e9s de esta Wiki.\n\n<a href=\"https:\/\/www.cozmoslabs.com\/wp-content\/uploads\/2017\/07\/WordPress-Creation-Kit-Docs-Logo-v2.png\"><img loading=\"lazy\" src=\"https:\/\/www.cozmoslabs.com\/wp-content\/uploads\/2017\/07\/WordPress-Creation-Kit-Docs-Logo-v2.png\" alt=\"WordPress Creation Kit Docs Logo v2\" width=\"1625\" height=\"323\" class=\"aligncenter size-full wp-image-94646\" \/><\/a>\n\nLa documentaci\u00f3n actual es para nuestro <a href=\"https:\/\/www.cozmoslabs.com\/wck-custom-fields-custom-post-types-plugin\/\">Kit de creaci\u00f3n de WordPress<\/a> plugin.\n\n<style>\n    h7 {\n        font-family: Roboto, Arial, sans-serif;\n        font-size: 1.3rem;\n        line-height: 1.3;\n        margin-top: 2.95em;\n        margin-bottom: 1.5em;\n        font-weight: bold;\n    }\n<\/style>\n\n<h7>Primeros pasos con WCK - \u00bfQu\u00e9 es este plugin y c\u00f3mo puedo utilizarlo?<\/h7>\n\nLa documentaci\u00f3n actual es para nuestro <a href=\"https:\/\/www.cozmoslabs.com\/wck-custom-fields-custom-post-types-plugin\/\">Plugin WordPress Creation Kit<\/a>.\n\n<ol>\n    <li><a href=\"http:\/\/demo.cozmoslabs.com\/wordpresscreationkit\/#docs\">PRUEBA LA DEMO<\/a><\/li>\n    <li><a href=\"http:\/\/www.cozmoslabs.com\/docs\/wordpress-creation-kit-documentation\/overview-of-wck\/\">Visi\u00f3n general del Kit de Creaci\u00f3n de WordPress<\/a>\n        <ol>\n            <li><a href=\"https:\/\/www.cozmoslabs.com\/docs\/wordpress-creation-kit-documentation\/overview-of-wck\/#What_is_WCK\">\u00bfQu\u00e9 es la WCK?<\/a><\/li>\n            <li><a href=\"https:\/\/www.cozmoslabs.com\/docs\/wordpress-creation-kit-documentation\/overview-of-wck\/#Why_use_WCK_when_developing_WordPress_sites\">\u00bfPor qu\u00e9 utilizar WCK para desarrollar sitios de WordPress?<\/a><\/li>\n        <\/ol>\n    <\/li>\n    <li><a href=\"https:\/\/www.cozmoslabs.com\/docs\/wordpress-creation-kit-documentation\/basic-information-installation\/\">Informaci\u00f3n b\u00e1sica e instalaci\u00f3n<\/a><\/li>\n    <li><a href=\"https:\/\/www.cozmoslabs.com\/docs\/wordpress-creation-kit-documentation\/basic-information-installation\/#Start_and_Settings\">Inicio y configuraci\u00f3n<\/a><\/li>\n    <li><a href=\"https:\/\/www.cozmoslabs.com\/docs\/wordpress-creation-kit-documentation\/custom-post-type-creator\/\">Creador de tipos de post personalizados<\/a>\n        <ol>\n            <li><a href=\"https:\/\/www.cozmoslabs.com\/docs\/wordpress-creation-kit-documentation\/custom-post-type-creator\/#Overview_of_Custom_Post_Type_Creator\">Visi\u00f3n general del Custom Post Type Creator<\/a><\/li>\n            <li><a href=\"https:\/\/www.cozmoslabs.com\/docs\/wordpress-creation-kit-documentation\/custom-post-type-creator\/#Features_of_Custom_Post_Type_Creator\">Caracter\u00edsticas del Custom Post Type Creator <\/a><\/li>\n            <li><a href=\"https:\/\/www.cozmoslabs.com\/docs\/wordpress-creation-kit-documentation\/custom-post-type-creator\/#Querying_by_post_type_in_the_frontend\">Consulta por tipo de entrada en el frontend<\/a><\/li>\n            <li><a href=\"https:\/\/www.cozmoslabs.com\/docs\/wordpress-creation-kit-documentation\/custom-post-type-creator\/display-custom-post-types-wordpress-category\/\">Mostrar tipos de entradas personalizadas en la categor\u00eda de WordPress<\/a><\/li>\n            <li><a href=\"http:\/\/www.cozmoslabs.com\/docs\/wordpress-creation-kit-documentation\/custom-archive-page-for-custom-post-types-with-custom-fields\/\">Cree una p\u00e1gina de archivo personalizada para sus CPT con campos personalizados<\/a><\/li>\n            <li><a href=\"http:\/\/www.cozmoslabs.com\/docs\/wordpress-creation-kit-documentation\/custom-single-page-for-custom-post-types-with-custom-fields\/\">Cree una p\u00e1gina \u00fanica personalizada para sus CPT con campos personalizados<\/a><\/li>\n            <li><a href=\"http:\/\/www.cozmoslabs.com\/docs\/wordpress-creation-kit-documentation\/list-custom-post-types-in-other-templates-using-get_posts-and-wp_query-with-custom-fields\">Listar CPT's en otras plantillas usando get_posts y WP_Query con campos personalizados<\/a><\/li>\n        <\/ol>\n    <\/li>\n    <li><a href=\"https:\/\/www.cozmoslabs.com\/docs\/wordpress-creation-kit-documentation\/custom-taxonomy-creator\/\">Creador de taxonom\u00edas personalizadas<\/a>\n        <ol>\n            <li><a href=\"https:\/\/www.cozmoslabs.com\/docs\/wordpress-creation-kit-documentation\/custom-taxonomy-creator\/#Overview_of_Custom_Taxonomy_Creator\">Visi\u00f3n general del creador de taxonom\u00edas personalizadas<\/a><\/li>\n            <li><a href=\"https:\/\/www.cozmoslabs.com\/docs\/wordpress-creation-kit-documentation\/custom-taxonomy-creator\/#Features_of_Custom_Taxonomy_Creator\">Caracter\u00edsticas de Custom Taxonomy Creator <\/a><\/li>\n            <li><a href=\"https:\/\/www.cozmoslabs.com\/docs\/wordpress-creation-kit-documentation\/custom-taxonomy-creator\/#Listing_the_taxonomies_in_the_frontend\">Listado de las taxonom\u00edas en el frontend <\/a><\/li>\n            <li><a href=\"https:\/\/www.cozmoslabs.com\/docs\/wordpress-creation-kit-documentation\/custom-taxonomy-creator\/#Querying_by_taxonomy\">Consulta por taxonom\u00eda<\/a><\/li>\n            <li><a href=\"http:\/\/www.cozmoslabs.com\/docs\/wordpress-creation-kit-documentation\/custom-archive-page-for-custom-taxonomies\">Cree una p\u00e1gina de archivo personalizada para sus taxonom\u00edas personalizadas<\/a> <\/li>\n            <li><a href=\"http:\/\/www.cozmoslabs.com\/docs\/wordpress-creation-kit-documentation\/list-custom-taxonomies-in-your-widget\">Listar taxonom\u00edas personalizadas en sus widgets <\/a><\/li>\n        <\/ol>\n    <\/li>\n    <li><a href=\"https:\/\/www.cozmoslabs.com\/docs\/wordpress-creation-kit-documentation\/custom-fields-creator\/\">Creador de campos personalizados<\/a>\n        <ol>\n            <li><a href=\"https:\/\/www.cozmoslabs.com\/docs\/wordpress-creation-kit-documentation\/custom-fields-creator\/#Overview_of_Custom_Fields_Creator\">Visi\u00f3n general del creador de campos personalizados<\/a><\/li>\n            <li><a href=\"https:\/\/www.cozmoslabs.com\/docs\/wordpress-creation-kit-documentation\/custom-fields-creator\/#Custom_Fields_Creator_8211_Meta_Box_Arguments\">Custom Fields Creator - Argumentos de la meta caja<\/a>\n                <ol>\n                    <li><a href=\"https:\/\/www.cozmoslabs.com\/docs\/wordpress-creation-kit-documentation\/custom-fields-creator\/single-custom-meta-boxes\/\">Meta-cajas individuales personalizadas<\/a><\/li>\n            \n                    <li><a href=\"https:\/\/www.cozmoslabs.com\/docs\/wordpress-creation-kit-documentation\/custom-fields-creator\/repeater-custom-meta-boxes\/\">Repetidoras Meta Boxes personalizadas<\/a><\/li>\n                <\/ol>\n            <\/li>\n            <li><a href=\"https:\/\/www.cozmoslabs.com\/docs\/wordpress-creation-kit-documentation\/custom-fields-creator\/#Custom_Fields_Creator_8211_Meta_Box_Fields\">Creador de campos personalizados - Campos de la meta caja<\/a><\/li>\n            <li><a href=\"https:\/\/www.cozmoslabs.com\/docs\/wordpress-creation-kit-documentation\/custom-fields-creator\/#Custom_Fields_Creator_8211_Fields_Types\">Creador de campos personalizados - Tipos de campos<\/a>\n                <ol>\n                    <li><a href=\"https:\/\/www.cozmoslabs.com\/docs\/wordpress-creation-kit-documentation\/custom-fields-creator\/#Default_Fields_Types\">Tipos de campo por defecto<\/a>\n                        <ol>\n                            <li><a href=\"https:\/\/www.cozmoslabs.com\/docs\/wordpress-creation-kit-documentation\/custom-fields-creator\/text-field\/\">Texto<\/a><\/li>\n                            <li><a href=\"https:\/\/www.cozmoslabs.com\/docs\/wordpress-creation-kit-documentation\/custom-fields-creator\/textarea-field\/\">\u00c1rea de texto<\/a><\/li>\n                            <li><a href=\"https:\/\/www.cozmoslabs.com\/docs\/wordpress-creation-kit-documentation\/custom-fields-creator\/select-field\/\">Seleccione<\/a><\/li>\n                            <li><a href=\"https:\/\/www.cozmoslabs.com\/docs\/wordpress-creation-kit-documentation\/custom-fields-creator\/checkbox-field\/\">Casilla de verificaci\u00f3n<\/a><\/li>\n                            <li><a href=\"https:\/\/www.cozmoslabs.com\/docs\/wordpress-creation-kit-documentation\/custom-fields-creator\/radio-field\/\">Radio<\/a><\/li>\n                            <li><a href=\"https:\/\/www.cozmoslabs.com\/docs\/wordpress-creation-kit-documentation\/custom-fields-creator\/upload-field\/\">Subir a<\/a><\/li>\n                            <li><a href=\"https:\/\/www.cozmoslabs.com\/docs\/wordpress-creation-kit-documentation\/custom-fields-creator\/wysiwyg-editor-field\/\">Editor WYSIWYG<\/a><\/li>\n                            <li><a href=\"https:\/\/www.cozmoslabs.com\/docs\/wordpress-creation-kit-documentation\/custom-fields-creator\/heading-field\/\">R\u00fabrica<\/a><\/li>\n                            <li><a href=\"https:\/\/www.cozmoslabs.com\/docs\/wordpress-creation-kit-documentation\/custom-fields-creator\/colorpicker-field\/\">Colorpicker<\/a><\/li>\n                            <li><a href=\"https:\/\/www.cozmoslabs.com\/docs\/wordpress-creation-kit-documentation\/custom-fields-creator\/currency-select-field\/\">Selecci\u00f3n de moneda<\/a><\/li>\n                            <li><a href=\"https:\/\/www.cozmoslabs.com\/docs\/wordpress-creation-kit-documentation\/custom-fields-creator\/phone-field\/\">Tel\u00e9fono<\/a><\/li>\n                            <li><a href=\"https:\/\/www.cozmoslabs.com\/docs\/wordpress-creation-kit-documentation\/custom-fields-creator\/timepicker-field\/\">Timepicker<\/a><\/li>\n                            <li><a href=\"https:\/\/www.cozmoslabs.com\/docs\/wordpress-creation-kit-documentation\/custom-fields-creator\/html-field\/\">HTML<\/a><\/li>\n                            <li><a href=\"https:\/\/www.cozmoslabs.com\/docs\/wordpress-creation-kit-documentation\/custom-fields-creator\/number-field\/\">N\u00famero<\/a><\/li>\n                    <\/ol>\n                    <\/li>\n                    <li><a href=\"https:\/\/www.cozmoslabs.com\/docs\/wordpress-creation-kit-documentation\/custom-fields-creator\/#Extra_Fields_Types\">Tipos de campos adicionales<\/a>\n                        <ol>\n                            <li><a href=\"https:\/\/www.cozmoslabs.com\/docs\/wordpress-creation-kit-documentation\/custom-fields-creator\/datepicker-field\/\">Datepicker<\/a><\/li>\n                            <li><a href=\"https:\/\/www.cozmoslabs.com\/docs\/wordpress-creation-kit-documentation\/custom-fields-creator\/country-select-field\/\">Selecci\u00f3n de pa\u00eds<\/a><\/li>\n                            <li><a href=\"https:\/\/www.cozmoslabs.com\/docs\/wordpress-creation-kit-documentation\/custom-fields-creator\/user-select-field\/\">Selecci\u00f3n de usuario<\/a><\/li>\n                            <li><a href=\"https:\/\/www.cozmoslabs.com\/docs\/wordpress-creation-kit-documentation\/custom-fields-creator\/custom-post-type-select-field\/\">Selecci\u00f3n del tipo de entrada personalizada<\/a><\/li>\n                            <li><a href=\"https:\/\/www.cozmoslabs.com\/docs\/wordpress-creation-kit-documentation\/custom-fields-creator\/map-field\">Mapa<\/a><\/li>\n                        <\/ol>\n                    <\/li>\n                    <li><a href=\"https:\/\/www.cozmoslabs.com\/docs\/wordpress-creation-kit-documentation\/custom-fields-creator\/#Manage_existing_Custom_Fields_with_WCK\">Gestionar los campos personalizados existentes con WCK<\/a><\/li>\n                    <li><a href=\"https:\/\/www.cozmoslabs.com\/docs\/wordpress-creation-kit-documentation\/custom-fields-creator\/#Reorder_Fields\">Reordenar campos<\/a><\/li>\n                    <li><a href=\"https:\/\/www.cozmoslabs.com\/docs\/wordpress-creation-kit-documentation\/custom-fields-creator\/#Edit_or_Delete_a_Field\">Editar o eliminar un campo<\/a><\/li>\n            <\/li>\n        <\/ol>\n\n            <li><a href=\"https:\/\/www.cozmoslabs.com\/docs\/wordpress-creation-kit-documentation\/custom-fields-creator\/wck-custom-fields-api\/\">API de campos personalizados de WCK<\/a><\/li>\n            <li><a href=\"https:\/\/www.cozmoslabs.com\/docs\/wordpress-creation-kit-documentation\/custom-fields-creator\/how-to\/\">C\u00f3mo<\/a>\n                <ol>\n                    <li><a href=\"http:\/\/www.cozmoslabs.com\/docs\/wordpress-creation-kit-documentation\/custom-fields-creator\/how-to\/display-a-custom-field\/\">Mostrar un campo personalizado<\/a><\/li>\n                    <li><a href=\"http:\/\/www.cozmoslabs.com\/docs\/wordpress-creation-kit-documentation\/custom-fields-creator\/how-to\/retrieve-a-custom-field-as-a-variable\/\">Recuperar un campo personalizado como variable<\/a><\/li>\n                    <li><a href=\"https:\/\/www.cozmoslabs.com\/docs\/wordpress-creation-kit-documentation\/custom-fields-creator\/how-to\/using-conditional-statements\/\">Utilizar declaraciones condicionales<\/a><\/li>\n                    <li><a href=\"https:\/\/www.cozmoslabs.com\/docs\/wordpress-creation-kit-documentation\/custom-fields-creator\/how-to\/working-with-images\/\">Trabajar con im\u00e1genes<\/a><\/li>\n                    <li><a href=\"https:\/\/www.cozmoslabs.com\/docs\/wordpress-creation-kit-documentation\/custom-fields-creator\/how-to\/get-raw-data-from-the-database-get_post_meta\/\">Obtener los datos en bruto de la base de datos ( get_post_meta() )<\/a><\/li>\n                    <li><a href=\"https:\/\/www.cozmoslabs.com\/docs\/wordpress-creation-kit-documentation\/custom-fields-creator\/how-to\/store-each-custom-field-in-its-own-meta-unserialized-fields\/\">Almacenar cada campo personalizado en su propia meta (campos no serializados)<\/a><\/li>\n                <\/ol>\n            <\/li>\n        <\/ol>\n    <\/li>\n\n    <li><a href=\" http:\/\/www.cozmoslabs.com\/docs\/wordpress-creation-kit-documentation\/frontend-posting\/\">Contabilizaci\u00f3n del frontend<\/a>\n        <ol>\n            <li><a href=\"https:\/\/www.cozmoslabs.com\/docs\/wordpress-creation-kit-documentation\/frontend-posting\/#Overview_of_Frontend_Posting\">Visi\u00f3n general de la contabilizaci\u00f3n del frontend<\/a><\/li>\n            <li><a href=\"https:\/\/www.cozmoslabs.com\/docs\/wordpress-creation-kit-documentation\/frontend-posting\/#Create_the_Frontend_Posting_Form\">Crear el formulario del frontend<\/a>\n                <ol>\n                    <li><a href=\"https:\/\/www.cozmoslabs.com\/docs\/wordpress-creation-kit-documentation\/frontend-posting\/#Form_Setup\">Configuraci\u00f3n del formulario<\/a><\/li>\n                    <li><a href=\"https:\/\/www.cozmoslabs.com\/docs\/wordpress-creation-kit-documentation\/frontend-posting\/#Form_Fields\">Campos del formulario<\/a><\/li>\n                    <li><a href=\"https:\/\/www.cozmoslabs.com\/docs\/wordpress-creation-kit-documentation\/frontend-posting\/#Form_Shortcode\">C\u00f3digo corto del formulario<\/a><\/li>\n                    <li><a href=\"https:\/\/www.cozmoslabs.com\/docs\/wordpress-creation-kit-documentation\/frontend-posting\/#Form_Labels_and_Messages\">Etiquetas y mensajes de los formularios<\/a><\/li>\n                <\/ol>\n            <\/li>\n            <li><a href=\"https:\/\/www.cozmoslabs.com\/docs\/wordpress-creation-kit-documentation\/frontend-posting\/anonymous-posting\/\">Publicaci\u00f3n an\u00f3nima<\/a><\/li>\n            <li><a href=\"https:\/\/www.cozmoslabs.com\/docs\/wordpress-creation-kit-documentation\/frontend-posting\/admin-approval\/\">Aprobaci\u00f3n administrativa<\/a><\/li>\n            <li><a href=\"https:\/\/www.cozmoslabs.com\/docs\/wordpress-creation-kit-documentation\/frontend-posting\/post-in-the-front-end\/\">Publicar en el Front End<\/a><\/li>\n            <li><a href=\"https:\/\/www.cozmoslabs.com\/docs\/wordpress-creation-kit-documentation\/frontend-posting\/edit-posts-pages-and-cpts-in-the-front-end\/\">Editar entradas, p\u00e1ginas y CPTs en el Front End<\/a><\/li>\n            <li><a href=\"https:\/\/www.cozmoslabs.com\/docs\/wordpress-creation-kit-documentation\/frontend-posting\/fep-dashboard-shortcode\/\">C\u00f3digo corto del panel de control FEP<\/a><\/li>\n            <li><a href=\"https:\/\/www.cozmoslabs.com\/docs\/wordpress-creation-kit-documentation\/frontend-posting\/fep-login-logout-register-shortcode-and-widget\/\">FEP Login \/ Logout \/ Register Shortcode y Widget<\/a><\/li>\n        <\/ol>\n    <\/li>\n    <li><a href=\"https:\/\/www.cozmoslabs.com\/docs\/wordpress-creation-kit-documentation\/option-pages-creator\/\">Creador de p\u00e1ginas de opciones<\/a>\n        <ol>\n            <li><a href=\"https:\/\/www.cozmoslabs.com\/docs\/wordpress-creation-kit-documentation\/option-pages-creator\/#Overview_of_Option_Pages_Creator\">Visi\u00f3n general del Creador de P\u00e1ginas de Opciones<\/a><\/li>\n            <li><a href=\"https:\/\/www.cozmoslabs.com\/docs\/wordpress-creation-kit-documentation\/option-pages-creator\/#Features_of_Option_Pages_Creator\">Caracter\u00edsticas de Option Pages Creator<\/a>\n                <ol>\n                    <li><a href=\"https:\/\/www.cozmoslabs.com\/docs\/wordpress-creation-kit-documentation\/option-pages-creator\/#Option_Page_Arguments\">Argumentos de la p\u00e1gina de opciones<\/a><\/li>\n                <\/ol>\n            <\/li>\n        <\/ol>\n    <\/li>\n    <li><a href=\"https:\/\/www.cozmoslabs.com\/docs\/wordpress-creation-kit-documentation\/option-fields-creator\/\">Creador de campos de opci\u00f3n<\/a>\n        <ol>\n            <li><a href=\"https:\/\/www.cozmoslabs.com\/docs\/wordpress-creation-kit-documentation\/option-fields-creator\/#Overview_of_Option_Fields_Creator\">Visi\u00f3n general del creador de campos de opci\u00f3n<\/a><\/li>\n            <li><a href=\"https:\/\/www.cozmoslabs.com\/docs\/wordpress-creation-kit-documentation\/option-fields-creator\/#Features_of_Option_Fields_Creator\">Caracter\u00edsticas de Option Fields Creator<\/a>\n                <ol>\n                    <li><a href=\"https:\/\/www.cozmoslabs.com\/docs\/wordpress-creation-kit-documentation\/option-fields-creator\/#Select_on_which_Option_Page_this_Field_Group_will_appear\">Seleccione en qu\u00e9 p\u00e1gina de opciones aparecer\u00e1 este grupo de campos<\/a><\/li>\n                    <li><a href=\"https:\/\/www.cozmoslabs.com\/docs\/wordpress-creation-kit-documentation\/option-fields-creator\/#Option_Page_Fields\">Campos de la p\u00e1gina de opciones<\/a><\/li>\n                <\/ol>\n            <\/li>\n            <li><a href=\"https:\/\/www.cozmoslabs.com\/docs\/wordpress-creation-kit-documentation\/option-fields-creator\/#Fields_Types\">Tipos de campos<\/a>\n                <ol>\n                    <li><a href=\"https:\/\/www.cozmoslabs.com\/docs\/wordpress-creation-kit-documentation\/option-fields-creator\/#Default_Fields_Types\">Tipos de campos por defecto<\/a><\/li>\n                    <li><a href=\"https:\/\/www.cozmoslabs.com\/docs\/wordpress-creation-kit-documentation\/option-fields-creator\/#Extra_Fields_Types\">Tipos de campos adicionales<\/a><\/li>\n                <\/ol>\n            <\/li>\n            <li><a href=\"https:\/\/www.cozmoslabs.com\/docs\/wordpress-creation-kit-documentation\/option-fields-creator\/#Setup_Option_Field\">Campo de opci\u00f3n de configuraci\u00f3n<\/a><\/li>\n            <li><a href=\"https:\/\/www.cozmoslabs.com\/docs\/wordpress-creation-kit-documentation\/option-fields-creator\/#Option_Fields_in_Option_Page\">Campos de opci\u00f3n en la p\u00e1gina de opciones<\/a><\/li>\n        <\/ol>\n    <\/li>\n    <li><a href=\"https:\/\/www.cozmoslabs.com\/docs\/wordpress-creation-kit-documentation\/swift-templates\/\">Plantillas Swift<\/a>\n        <ol>\n            <li><a href=\"https:\/\/www.cozmoslabs.com\/docs\/wordpress-creation-kit-documentation\/swift-templates\/#Overview_of_Swift_Templates\">Visi\u00f3n general de las plantillas Swift<\/a><\/li>\n            <li><a href=\"https:\/\/www.cozmoslabs.com\/docs\/wordpress-creation-kit-documentation\/swift-templates\/#Swift_Template_Arguments\">Argumentos de las plantillas Swift<\/a><\/li>\n            <li><a href=\"https:\/\/www.cozmoslabs.com\/docs\/wordpress-creation-kit-documentation\/swift-templates\/#Query_Arguments\">Argumentos de la consulta<\/a><\/li>\n            <li><a href=\"https:\/\/www.cozmoslabs.com\/docs\/wordpress-creation-kit-documentation\/swift-templates\/#Swift_Templates\">Plantillas Swift<\/a>\n                <ol>\n                    <li><a href=\"https:\/\/www.cozmoslabs.com\/docs\/wordpress-creation-kit-documentation\/swift-templates\/#Archive_Template\">Plantilla de archivo<\/a><\/li>\n                    <li><a href=\"https:\/\/www.cozmoslabs.com\/docs\/wordpress-creation-kit-documentation\/swift-templates\/#Single_Template\">Plantilla \u00fanica<\/a><\/li>\n                    <li><a href=\"https:\/\/www.cozmoslabs.com\/docs\/wordpress-creation-kit-documentation\/swift-templates\/#Swift_Template_Shortcode\">Plantilla Swift Shortcode<\/a><\/li>\n                <\/ol>\n            <\/li>\n            <li><a href=\"https:\/\/www.cozmoslabs.com\/docs\/wordpress-creation-kit-documentation\/swift-templates\/#Display_Custom_Post_Types_Custom_Fields_and_Custom_Taxonomies_with_Swift_Templates\">Mostrar tipos de entradas personalizadas, campos personalizados y taxonom\u00edas personalizadas con plantillas Swift<\/a>\n\n                <ol>\n                    <li><a href=\"https:\/\/www.cozmoslabs.com\/docs\/wordpress-creation-kit-documentation\/swift-templates\/display-custom-fields-in-wordpress-pages-with-no-coding\/\">Mostrar campos personalizados en p\u00e1ginas de WordPress (entradas o tipos de entradas personalizadas) sin necesidad de codificaci\u00f3n<\/a><\/li>\n                    <li><a href=\"https:\/\/www.cozmoslabs.com\/docs\/wordpress-creation-kit-documentation\/swift-templates\/create-archive-templates-for-your-custom-post-types-pages-or-posts\/\">Crear plantillas de archivo para sus tipos de entradas personalizadas (incluyendo entradas o p\u00e1ginas)<\/a><\/li>\n                    <li><a href=\"https:\/\/www.cozmoslabs.com\/docs\/wordpress-creation-kit-documentation\/swift-templates\/create-single-templates-for-your-custom-post-type\/\">Crear plantillas individuales para sus tipos de entradas personalizadas (incluyendo entradas o p\u00e1ginas)<\/a><\/li>\n                    <li><a href=\"https:\/\/www.cozmoslabs.com\/docs\/wordpress-creation-kit-documentation\/swift-templates\/create-taxonomy-archive-templates-with-no-coding\/\">Cree plantillas de archivos de taxonom\u00eda sin necesidad de codificaci\u00f3n<\/a><\/li>\n                    <li><a href=\"https:\/\/www.cozmoslabs.com\/docs\/wordpress-creation-kit-documentation\/swift-templates\/create-taxonomy-single-templates-with-no-coding\/\">Cree plantillas individuales de taxonom\u00eda sin necesidad de codificaci\u00f3n<\/a><\/li>\n                    <li><a href=\"http:\/\/www.cozmoslabs.com\/docs\/wordpress-creation-kit-documentation\/swift-templates\/custom-query-arguments\/\">Argumentos de consulta personalizados<\/a><\/li>\n                <\/ol>\n            <\/li>\n        <\/ol>\n    <\/li>\n    <li><a href=\"https:\/\/www.cozmoslabs.com\/docs\/wordpress-creation-kit-documentation\/import-and-export-wck-settings\/\">Importar y exportar la configuraci\u00f3n del WCK<\/a><\/li>\n    <li><a href=\"https:\/\/www.cozmoslabs.com\/docs\/wordpress-creation-kit-documentation\/wordpress-creation-kit-changelogs\/\">Changelogs del Kit de Creaci\u00f3n de WordPress<\/a><\/li>\n<\/ol>","protected":false},"excerpt":{"rendered":"<p>Welcome to the WordPress Creation Kit Documentation WordPress Creation Kit (WCK) documentation is constantly evolving as we continue to update the plugin. The latest version of the documentation is available via this Wiki. The current documentation is for our WordPress Creation Kit plugin. Getting started with WCK &#8211; What is this plugin and how can [&hellip;]<\/p>","protected":false},"author":1,"featured_media":0,"parent":0,"menu_order":0,"comment_status":"closed","ping_status":"closed","template":"","meta":[],"_links":{"self":[{"href":"https:\/\/razvan-en.supserv.cozmoslabs.com\/es\/wp-json\/wp\/v2\/pages\/154"}],"collection":[{"href":"https:\/\/razvan-en.supserv.cozmoslabs.com\/es\/wp-json\/wp\/v2\/pages"}],"about":[{"href":"https:\/\/razvan-en.supserv.cozmoslabs.com\/es\/wp-json\/wp\/v2\/types\/page"}],"author":[{"embeddable":true,"href":"https:\/\/razvan-en.supserv.cozmoslabs.com\/es\/wp-json\/wp\/v2\/users\/1"}],"replies":[{"embeddable":true,"href":"https:\/\/razvan-en.supserv.cozmoslabs.com\/es\/wp-json\/wp\/v2\/comments?post=154"}],"version-history":[{"count":1,"href":"https:\/\/razvan-en.supserv.cozmoslabs.com\/es\/wp-json\/wp\/v2\/pages\/154\/revisions"}],"predecessor-version":[{"id":156,"href":"https:\/\/razvan-en.supserv.cozmoslabs.com\/es\/wp-json\/wp\/v2\/pages\/154\/revisions\/156"}],"wp:attachment":[{"href":"https:\/\/razvan-en.supserv.cozmoslabs.com\/es\/wp-json\/wp\/v2\/media?parent=154"}],"curies":[{"name":"wp","href":"https:\/\/api.w.org\/{rel}","templated":true}]}}